{"id":9,"date":"2024-11-28T17:28:53","date_gmt":"2024-11-28T17:28:53","guid":{"rendered":"https:\/\/casadafontepequena.pt\/?page_id=9"},"modified":"2025-06-05T13:53:46","modified_gmt":"2025-06-05T13:53:46","slug":"sobre-nos","status":"publish","type":"page","link":"https:\/\/casadafontepequena.pt\/en\/sobre-nos\/","title":{"rendered":"About Us"},"content":{"rendered":"<div data-elementor-type=\"wp-post\" data-elementor-id=\"9\" class=\"elementor elementor-9\" data-elementor-post-type=\"page\">\n\t\t\t\t<div class=\"elementor-element elementor-element-04a5613 e-con-full e-flex e-con e-parent\" data-id=\"04a5613\" data-element_type=\"container\">\n\t\t<div class=\"elementor-element elementor-element-004db15 e-con-full e-flex e-con e-child\" data-id=\"004db15\" data-element_type=\"container\">\n\t\t<div class=\"elementor-element elementor-element-c3a918d e-flex e-con-boxed e-con e-child\" data-id=\"c3a918d\" data-element_type=\"container\" data-settings=\"{&quot;background_background&quot;:&quot;classic&quot;}\">\n\t\t\t\t\t<div class=\"e-con-inner\">\n\t\t\t\t\t<\/div>\n\t\t\t\t<\/div>\n\t\t<div class=\"elementor-element elementor-element-271c03c e-flex e-con-boxed e-con e-child\" data-id=\"271c03c\" data-element_type=\"container\">\n\t\t\t\t\t<div class=\"e-con-inner\">\n\t\t<div class=\"elementor-element elementor-element-32b661a e-con-full e-flex e-con e-child\" data-id=\"32b661a\" data-element_type=\"container\">\n\t\t\t\t<div class=\"elementor-element elementor-element-69c648f elementor-widget elementor-widget-heading\" data-id=\"69c648f\" data-element_type=\"widget\" data-widget_type=\"heading.default\">\n\t\t\t\t<div class=\"elementor-widget-container\">\n\t\t\t\t\t<h2 class=\"elementor-heading-title elementor-size-default\">ABOUT US<\/h2>\t\t\t\t<\/div>\n\t\t\t\t<\/div>\n\t\t\t\t<div class=\"elementor-element elementor-element-427ab2d elementor-widget elementor-widget-html\" data-id=\"427ab2d\" data-element_type=\"widget\" data-widget_type=\"html.default\">\n\t\t\t\t<div class=\"elementor-widget-container\">\n\t\t\t\t\t<div style=\"width: 150px; height: 2px; background-color: #DCBE84; margin: 10px 0;\"><\/div>\n\t\t\t\t<\/div>\n\t\t\t\t<\/div>\n\t\t\t\t<div class=\"elementor-element elementor-element-71b11c0 elementor-widget elementor-widget-heading\" data-id=\"71b11c0\" data-element_type=\"widget\" data-widget_type=\"heading.default\">\n\t\t\t\t<div class=\"elementor-widget-container\">\n\t\t\t\t\t<h2 class=\"elementor-heading-title elementor-size-default\">Casa da Fonte Pequena \u2014 Tradition, Innovation, and Quality in the World of Wine<\/h2>\t\t\t\t<\/div>\n\t\t\t\t<\/div>\n\t\t\t\t<div class=\"elementor-element elementor-element-2fa798e elementor-widget elementor-widget-text-editor\" data-id=\"2fa798e\" data-element_type=\"widget\" data-widget_type=\"text-editor.default\">\n\t\t\t\t<div class=\"elementor-widget-container\">\n\t\t\t\t\t\t\t\t\t<p>Casa da Fonte Pequena is a young and dynamic family project with deep roots in the world of wine. It began its journey in 2006, in the prestigious Douro region \u2014 a UNESCO World Heritage Site.<\/p><p>With a winemaking legacy spanning two generations, we combine tradition and expertise with the innovative vision of a new generation, always committed to honouring the authenticity of our origins.<\/p><p>In 2011, we inaugurated a bottling centre in Vila Pouca de Aguiar, equipped with modern and advanced technology, which today stands as the heart of our production.<\/p><p>With deep knowledge of the wine market, we offer a wide and diverse range of wines \u2014 from white, red and ros\u00e9 wines to Douro DOC wines, Douro Muscat and Vinho Verde DOC.<\/p><p>At Casa da Fonte Pequena, our commitment to excellence goes beyond wine. We provide high-quality food products, meeting strict food safety standards to ensure the full trust of our clients.<\/p><p>We invite you to discover the excellence of our portfolio, where tradition and modernity come together to offer products of the highest quality.<\/p><p data-ccp-props=\"{&quot;335551550&quot;:6,&quot;335551620&quot;:6,&quot;335559683&quot;:0,&quot;335559685&quot;:0,&quot;335559731&quot;:0,&quot;335559737&quot;:0,&quot;335562764&quot;:4,&quot;335562765&quot;:24,&quot;335562766&quot;:4,&quot;335562767&quot;:0,&quot;335562768&quot;:4,&quot;335562769&quot;:0}\">\u200b<\/p>\t\t\t\t\t\t\t\t<\/div>\n\t\t\t\t<\/div>\n\t\t\t\t<\/div>\n\t\t\t\t\t<\/div>\n\t\t\t\t<\/div>\n\t\t\t\t<\/div>\n\t\t\t\t<\/div>\n\t\t<div class=\"elementor-element elementor-element-02ef225 e-con-full e-flex e-con e-parent\" data-id=\"02ef225\" data-element_type=\"container\" data-settings=\"{&quot;background_background&quot;:&quot;classic&quot;}\">\n\t\t<div class=\"elementor-element elementor-element-0c58763 e-con-full e-flex e-con e-child\" data-id=\"0c58763\" data-element_type=\"container\" data-settings=\"{&quot;background_background&quot;:&quot;classic&quot;}\">\n\t\t\t\t<div class=\"elementor-element elementor-element-df62903 elementor-widget elementor-widget-heading\" data-id=\"df62903\" data-element_type=\"widget\" data-widget_type=\"heading.default\">\n\t\t\t\t<div class=\"elementor-widget-container\">\n\t\t\t\t\t<h2 class=\"elementor-heading-title elementor-size-default\">Present<\/h2>\t\t\t\t<\/div>\n\t\t\t\t<\/div>\n\t\t\t\t<div class=\"elementor-element elementor-element-59740d0 elementor-widget elementor-widget-html\" data-id=\"59740d0\" data-element_type=\"widget\" data-widget_type=\"html.default\">\n\t\t\t\t<div class=\"elementor-widget-container\">\n\t\t\t\t\t<div style=\"width: 60px; height: 2px; background-color: #DCBE84; margin: 10px 0;\"><\/div>\n\t\t\t\t<\/div>\n\t\t\t\t<\/div>\n\t\t\t\t<div class=\"elementor-element elementor-element-b40a99a elementor-widget elementor-widget-text-editor\" data-id=\"b40a99a\" data-element_type=\"widget\" data-widget_type=\"text-editor.default\">\n\t\t\t\t<div class=\"elementor-widget-container\">\n\t\t\t\t\t\t\t\t\t<p data-ccp-props=\"{&quot;335551550&quot;:6,&quot;335551620&quot;:6,&quot;335559683&quot;:0,&quot;335559685&quot;:0,&quot;335559731&quot;:0,&quot;335559737&quot;:0,&quot;335562764&quot;:2,&quot;335562765&quot;:1,&quot;335562766&quot;:4,&quot;335562767&quot;:0,&quot;335562768&quot;:4,&quot;335562769&quot;:0}\"><span data-usefontface=\"true\" data-contrast=\"none\">The investments made in recent years <\/span><span data-usefontface=\"true\" data-contrast=\"none\">have allowed us to equip our <\/span><span data-usefontface=\"true\" data-contrast=\"none\">facilities with the technology and capacity needed to <\/span><span data-usefontface=\"true\" data-contrast=\"none\">produce wines of <\/span><span data-usefontface=\"true\" data-contrast=\"none\">recognised quality.<\/span>\u200b<\/p><p data-ccp-props=\"{&quot;335551550&quot;:6,&quot;335551620&quot;:6,&quot;335559683&quot;:0,&quot;335559685&quot;:0,&quot;335559731&quot;:0,&quot;335559737&quot;:0,&quot;335562764&quot;:2,&quot;335562765&quot;:1,&quot;335562766&quot;:4,&quot;335562767&quot;:0,&quot;335562768&quot;:4,&quot;335562769&quot;:0}\"><span data-usefontface=\"true\" data-contrast=\"none\">This success reflects the solid partnerships <\/span><span data-usefontface=\"true\" data-contrast=\"none\">we have built over time and the <\/span><span data-usefontface=\"true\" data-contrast=\"none\">high level of expertise of our <\/span><span data-usefontface=\"true\" data-contrast=\"none\">viticulturists, oenologists, sales teams, and <\/span><span data-usefontface=\"true\" data-contrast=\"none\">all other collaborators. <\/span>\u200b<\/p><p data-ccp-props=\"{&quot;335551550&quot;:6,&quot;335551620&quot;:6,&quot;335559683&quot;:0,&quot;335559685&quot;:0,&quot;335559731&quot;:0,&quot;335559737&quot;:0,&quot;335562764&quot;:2,&quot;335562765&quot;:1,&quot;335562766&quot;:4,&quot;335562767&quot;:0,&quot;335562768&quot;:4,&quot;335562769&quot;:0}\"><span data-usefontface=\"true\" data-contrast=\"none\">We must also highlight <\/span><span data-usefontface=\"true\" data-contrast=\"none\">the fundamental role played by our <\/span><span data-usefontface=\"true\" data-contrast=\"none\">distributors and importers, whose <\/span><span data-usefontface=\"true\" data-contrast=\"none\">dedication has been crucial in taking our <\/span><span data-usefontface=\"true\" data-contrast=\"none\">products even further<\/span><span data-usefontface=\"false\" data-contrast=\"none\">.<\/span>\u200b<\/p>\t\t\t\t\t\t\t\t<\/div>\n\t\t\t\t<\/div>\n\t\t\t\t<\/div>\n\t\t<div class=\"elementor-element elementor-element-2bc7fe4 e-con-full e-flex e-con e-child\" data-id=\"2bc7fe4\" data-element_type=\"container\" data-settings=\"{&quot;background_background&quot;:&quot;classic&quot;}\">\n\t\t\t\t<div class=\"elementor-element elementor-element-c55bf87 elementor-widget elementor-widget-heading\" data-id=\"c55bf87\" data-element_type=\"widget\" data-widget_type=\"heading.default\">\n\t\t\t\t<div class=\"elementor-widget-container\">\n\t\t\t\t\t<h2 class=\"elementor-heading-title elementor-size-default\">Future<\/h2>\t\t\t\t<\/div>\n\t\t\t\t<\/div>\n\t\t\t\t<div class=\"elementor-element elementor-element-4ceea5b elementor-widget elementor-widget-html\" data-id=\"4ceea5b\" data-element_type=\"widget\" data-widget_type=\"html.default\">\n\t\t\t\t<div class=\"elementor-widget-container\">\n\t\t\t\t\t<div style=\"width: 60px; height: 2px; background-color: #DCBE84; margin: 10px 0;\"><\/div>\n\t\t\t\t<\/div>\n\t\t\t\t<\/div>\n\t\t\t\t<div class=\"elementor-element elementor-element-e542e56 elementor-widget elementor-widget-text-editor\" data-id=\"e542e56\" data-element_type=\"widget\" data-widget_type=\"text-editor.default\">\n\t\t\t\t<div class=\"elementor-widget-container\">\n\t\t\t\t\t\t\t\t\t<p data-ccp-props=\"{&quot;335551550&quot;:1,&quot;335551620&quot;:1,&quot;335559683&quot;:0,&quot;335559685&quot;:0,&quot;335559731&quot;:0,&quot;335559737&quot;:0,&quot;335562764&quot;:2,&quot;335562765&quot;:1,&quot;335562766&quot;:4,&quot;335562767&quot;:0,&quot;335562768&quot;:4,&quot;335562769&quot;:0}\"><span data-scheme-color=\"@000000,13,\" data-usefontface=\"true\" data-contrast=\"none\">At Casa da Fonte Pequena, we face <\/span><span data-scheme-color=\"@000000,13,\" data-usefontface=\"true\" data-contrast=\"none\">the future with ambition and responsibility. <\/span><span data-scheme-color=\"@000000,13,\" data-usefontface=\"true\" data-contrast=\"none\">We remain committed to innovating and <\/span><span data-scheme-color=\"@000000,13,\" data-usefontface=\"true\" data-contrast=\"none\">investing in technology that will further enhance <\/span><span data-scheme-color=\"@000000,13,\" data-usefontface=\"true\" data-contrast=\"none\">the quality of our products, honouring the <\/span><span data-scheme-color=\"@000000,13,\" data-usefontface=\"true\" data-contrast=\"none\">Douro region's winemaking tradition while exploring <\/span><span data-scheme-color=\"@000000,13,\" data-usefontface=\"true\" data-contrast=\"none\">new opportunities <\/span><span data-scheme-color=\"@000000,13,\" data-usefontface=\"true\" data-contrast=\"none\">for growth and expansion.<\/span>\u200b<\/p><p data-ccp-props=\"{&quot;335551550&quot;:1,&quot;335551620&quot;:1,&quot;335559683&quot;:0,&quot;335559685&quot;:0,&quot;335559731&quot;:0,&quot;335559737&quot;:0,&quot;335562764&quot;:2,&quot;335562765&quot;:1,&quot;335562766&quot;:4,&quot;335562767&quot;:0,&quot;335562768&quot;:4,&quot;335562769&quot;:0}\"><span data-scheme-color=\"@000000,13,\" data-usefontface=\"true\" data-contrast=\"none\">Our plan is to continue to expand our <\/span><span data-scheme-color=\"@000000,13,\" data-usefontface=\"true\" data-contrast=\"none\">presence in the national and international markets, <\/span><span data-scheme-color=\"@000000,13,\" data-usefontface=\"true\" data-contrast=\"none\">always maintaining the <\/span><span data-scheme-color=\"@000000,13,\" data-usefontface=\"true\" data-contrast=\"none\">authenticity and excellence that define our <\/span><span data-scheme-color=\"@000000,13,\" data-usefontface=\"true\" data-contrast=\"none\">brands. We aspire to create <\/span><span data-scheme-color=\"@000000,13,\" data-usefontface=\"true\" data-contrast=\"none\">memorable experience for our <\/span><span data-scheme-color=\"@000000,13,\" data-usefontface=\"true\" data-contrast=\"none\">consumers, bringing the best of our <\/span><span data-scheme-color=\"@000000,13,\" data-usefontface=\"true\" data-contrast=\"none\">production to every glass of wine.<\/span>\u200b<\/p>\t\t\t\t\t\t\t\t<\/div>\n\t\t\t\t<\/div>\n\t\t\t\t<\/div>\n\t\t<div class=\"elementor-element elementor-element-25c1019 e-con-full e-flex e-con e-child\" data-id=\"25c1019\" data-element_type=\"container\" data-settings=\"{&quot;background_background&quot;:&quot;classic&quot;}\">\n\t\t\t\t<div class=\"elementor-element elementor-element-2cf224a elementor-widget elementor-widget-heading\" data-id=\"2cf224a\" data-element_type=\"widget\" data-widget_type=\"heading.default\">\n\t\t\t\t<div class=\"elementor-widget-container\">\n\t\t\t\t\t<h2 class=\"elementor-heading-title elementor-size-default\">Commitment<\/h2>\t\t\t\t<\/div>\n\t\t\t\t<\/div>\n\t\t\t\t<div class=\"elementor-element elementor-element-9d507a1 elementor-widget elementor-widget-html\" data-id=\"9d507a1\" data-element_type=\"widget\" data-widget_type=\"html.default\">\n\t\t\t\t<div class=\"elementor-widget-container\">\n\t\t\t\t\t<div style=\"width: 60px; height: 2px; background-color: #DCBE84; margin: 10px 0;\"><\/div>\n\t\t\t\t<\/div>\n\t\t\t\t<\/div>\n\t\t\t\t<div class=\"elementor-element elementor-element-173e5ea elementor-widget elementor-widget-text-editor\" data-id=\"173e5ea\" data-element_type=\"widget\" data-widget_type=\"text-editor.default\">\n\t\t\t\t<div class=\"elementor-widget-container\">\n\t\t\t\t\t\t\t\t\t<p data-ccp-props=\"{&quot;335551550&quot;:1,&quot;335551620&quot;:1,&quot;335559683&quot;:0,&quot;335559685&quot;:0,&quot;335559731&quot;:0,&quot;335559737&quot;:0,&quot;335562764&quot;:2,&quot;335562765&quot;:1,&quot;335562766&quot;:4,&quot;335562767&quot;:0,&quot;335562768&quot;:4,&quot;335562769&quot;:0}\"><span data-scheme-color=\"@000000,13,\" data-usefontface=\"true\" data-contrast=\"none\">Our commitment is clear: to guarantee the highest <\/span><span data-scheme-color=\"@000000,13,\" data-usefontface=\"true\" data-contrast=\"none\">quality on each and every product that reaches the <\/span><span data-scheme-color=\"@000000,13,\" data-usefontface=\"true\" data-contrast=\"none\">consumer.<\/span>\u200b<br \/><span data-scheme-color=\"@000000,13,\" data-usefontface=\"true\" data-contrast=\"none\">We work every day to <\/span><span data-scheme-color=\"@000000,13,\" data-usefontface=\"true\" data-contrast=\"none\">scrupulously fulfil the strictest production <\/span><span data-scheme-color=\"@000000,13,\" data-usefontface=\"true\" data-contrast=\"none\">, food safety and <\/span><span data-scheme-color=\"@000000,13,\" data-usefontface=\"true\" data-contrast=\"none\">sustainability standards, ensuring that every wine <\/span><span data-scheme-color=\"@000000,13,\" data-usefontface=\"true\" data-contrast=\"none\">we produce reflects the excellence and essence <\/span><span data-scheme-color=\"@000000,13,\" data-usefontface=\"true\" data-contrast=\"none\">of viticulture.<\/span>\u200b<\/p><p data-ccp-props=\"{&quot;335551550&quot;:1,&quot;335551620&quot;:1,&quot;335559683&quot;:0,&quot;335559685&quot;:0,&quot;335559731&quot;:0,&quot;335559737&quot;:0,&quot;335562764&quot;:2,&quot;335562765&quot;:1,&quot;335562766&quot;:4,&quot;335562767&quot;:0,&quot;335562768&quot;:4,&quot;335562769&quot;:0}\"><span data-scheme-color=\"@000000,13,\" data-usefontface=\"true\" data-contrast=\"none\">In addition, we deeply value the <\/span><span data-scheme-color=\"@000000,13,\" data-usefontface=\"true\" data-contrast=\"none\">relationships with our customers, employees, and <\/span><span data-scheme-color=\"@000000,13,\" data-usefontface=\"true\" data-contrast=\"none\">partners, promoting a culture of <\/span><span data-scheme-color=\"@000000,13,\" data-usefontface=\"true\" data-contrast=\"none\">trust, transparency, and dedication. At Casa da Fonte Pequena, <\/span><span data-scheme-color=\"@000000,13,\" data-usefontface=\"true\" data-contrast=\"none\">we believe that your success is <\/span><span data-scheme-color=\"@000000,13,\" data-usefontface=\"true\" data-contrast=\"none\">built on passion, and respect for <\/span><span data-scheme-color=\"@000000,13,\" data-usefontface=\"true\" data-contrast=\"none\">everything we do<\/span><span data-usefontface=\"false\" data-contrast=\"none\">.<\/span>\u200b<\/p>\t\t\t\t\t\t\t\t<\/div>\n\t\t\t\t<\/div>\n\t\t\t\t<\/div>\n\t\t\t\t<\/div>\n\t\t<div class=\"elementor-element elementor-element-228a6b7 e-flex e-con-boxed e-con e-parent\" data-id=\"228a6b7\" data-element_type=\"container\" data-settings=\"{&quot;background_background&quot;:&quot;classic&quot;}\">\n\t\t\t\t\t<div class=\"e-con-inner\">\n\t\t\t\t<div class=\"elementor-element elementor-element-c43e1eb elementor-widget elementor-widget-heading\" data-id=\"c43e1eb\" data-element_type=\"widget\" data-widget_type=\"heading.default\">\n\t\t\t\t<div class=\"elementor-widget-container\">\n\t\t\t\t\t<h2 class=\"elementor-heading-title elementor-size-default\">Our presence in the world<\/h2>\t\t\t\t<\/div>\n\t\t\t\t<\/div>\n\t\t\t\t<div class=\"elementor-element elementor-element-e5663ab elementor-widget elementor-widget-html\" data-id=\"e5663ab\" data-element_type=\"widget\" data-widget_type=\"html.default\">\n\t\t\t\t<div class=\"elementor-widget-container\">\n\t\t\t\t\t<div style=\"width: 200px; height: 2px; background-color: #DCBE84; margin: 10px 0;\"><\/div>\n\t\t\t\t<\/div>\n\t\t\t\t<\/div>\n\t\t\t\t<div class=\"elementor-element elementor-element-757b76c elementor-widget elementor-widget-image\" data-id=\"757b76c\" data-element_type=\"widget\" data-widget_type=\"image.default\">\n\t\t\t\t<div class=\"elementor-widget-container\">\n\t\t\t\t\t\t\t\t\t\t\t\t\t\t\t<img fetchpriority=\"high\" decoding=\"async\" width=\"1304\" height=\"750\" src=\"https:\/\/casadafontepequena.pt\/wp-content\/uploads\/2024\/12\/Background-1.png\" class=\"attachment-full size-full wp-image-194\" alt=\"\" srcset=\"https:\/\/casadafontepequena.pt\/wp-content\/uploads\/2024\/12\/Background-1.png 1304w, https:\/\/casadafontepequena.pt\/wp-content\/uploads\/2024\/12\/Background-1-300x173.png 300w, https:\/\/casadafontepequena.pt\/wp-content\/uploads\/2024\/12\/Background-1-1024x589.png 1024w, https:\/\/casadafontepequena.pt\/wp-content\/uploads\/2024\/12\/Background-1-768x442.png 768w\" sizes=\"(max-width: 1304px) 100vw, 1304px\" \/>\t\t\t\t\t\t\t\t\t\t\t\t\t\t\t<\/div>\n\t\t\t\t<\/div>\n\t\t\t\t\t<\/div>\n\t\t\t\t<\/div>\n\t\t\t\t<\/div>","protected":false},"excerpt":{"rendered":"<p>SOBRE N\u00d3S Casa da Fonte Pequena \u2014 Tradi\u00e7\u00e3o, Inova\u00e7\u00e3o e Qualidade no Mundo do Vinho A Casa da Fonte Pequena \u00e9 um projeto familiar jovem e din\u00e2mico, com ra\u00edzes profundas no mundo do vinho, que iniciou a sua atividade em 2006, na prestigiada regi\u00e3o do Douro \u2013 Patrim\u00f3nio Mundial da Humanidade. Com uma liga\u00e7\u00e3o ao [&hellip;]<\/p>","protected":false},"author":1,"featured_media":0,"parent":0,"menu_order":13,"comment_status":"closed","ping_status":"closed","template":"","meta":{"_acf_changed":false,"footnotes":""},"class_list":["post-9","page","type-page","status-publish","hentry"],"acf":[],"_links":{"self":[{"href":"https:\/\/casadafontepequena.pt\/en\/wp-json\/wp\/v2\/pages\/9","targetHints":{"allow":["GET"]}}],"collection":[{"href":"https:\/\/casadafontepequena.pt\/en\/wp-json\/wp\/v2\/pages"}],"about":[{"href":"https:\/\/casadafontepequena.pt\/en\/wp-json\/wp\/v2\/types\/page"}],"author":[{"embeddable":true,"href":"https:\/\/casadafontepequena.pt\/en\/wp-json\/wp\/v2\/users\/1"}],"replies":[{"embeddable":true,"href":"https:\/\/casadafontepequena.pt\/en\/wp-json\/wp\/v2\/comments?post=9"}],"version-history":[{"count":0,"href":"https:\/\/casadafontepequena.pt\/en\/wp-json\/wp\/v2\/pages\/9\/revisions"}],"wp:attachment":[{"href":"https:\/\/casadafontepequena.pt\/en\/wp-json\/wp\/v2\/media?parent=9"}],"curies":[{"name":"wp","href":"https:\/\/api.w.org\/{rel}","templated":true}]}}