{"id":808,"date":"2024-12-13T16:48:08","date_gmt":"2024-12-13T16:48:08","guid":{"rendered":"https:\/\/casadafontepequena.pt\/?page_id=808"},"modified":"2024-12-15T21:26:44","modified_gmt":"2024-12-15T21:26:44","slug":"lei-18-anos","status":"publish","type":"page","link":"https:\/\/casadafontepequena.pt\/en\/","title":{"rendered":"Lei 18 anos"},"content":{"rendered":"<div data-elementor-type=\"wp-page\" data-elementor-id=\"808\" class=\"elementor elementor-808\" data-elementor-post-type=\"page\">\n\t\t\t\t<div class=\"elementor-element elementor-element-6be3c42 e-con-full e-flex e-con e-parent\" data-id=\"6be3c42\" data-element_type=\"container\">\n\t\t<div class=\"elementor-element elementor-element-6a37e3b e-con-full e-flex e-con e-child\" data-id=\"6a37e3b\" data-element_type=\"container\" data-settings=\"{&quot;background_background&quot;:&quot;classic&quot;}\">\n\t\t\t\t<div class=\"elementor-element elementor-element-58b509f elementor-widget elementor-widget-image\" data-id=\"58b509f\" data-element_type=\"widget\" data-widget_type=\"image.default\">\n\t\t\t\t<div class=\"elementor-widget-container\">\n\t\t\t\t\t\t\t\t\t\t\t\t\t\t\t<img fetchpriority=\"high\" decoding=\"async\" width=\"250\" height=\"250\" src=\"https:\/\/casadafontepequena.pt\/wp-content\/uploads\/2024\/11\/Logo-Branco-1.png\" class=\"attachment-large size-large wp-image-69\" alt=\"\" srcset=\"https:\/\/casadafontepequena.pt\/wp-content\/uploads\/2024\/11\/Logo-Branco-1.png 250w, https:\/\/casadafontepequena.pt\/wp-content\/uploads\/2024\/11\/Logo-Branco-1-150x150.png 150w\" sizes=\"(max-width: 250px) 100vw, 250px\" \/>\t\t\t\t\t\t\t\t\t\t\t\t\t\t\t<\/div>\n\t\t\t\t<\/div>\n\t\t\t\t<div class=\"elementor-element elementor-element-b4230b3 elementor-widget elementor-widget-heading\" data-id=\"b4230b3\" data-element_type=\"widget\" data-widget_type=\"heading.default\">\n\t\t\t\t<div class=\"elementor-widget-container\">\n\t\t\t\t\t<h2 class=\"elementor-heading-title elementor-size-default\">The Best Wine Experiences <br> Pelo melhor do Vinho<\/h2>\t\t\t\t<\/div>\n\t\t\t\t<\/div>\n\t\t<div class=\"elementor-element elementor-element-d523ecc e-con-full e-flex e-con e-child\" data-id=\"d523ecc\" data-element_type=\"container\" data-settings=\"{&quot;background_background&quot;:&quot;classic&quot;}\">\n\t\t\t\t<div class=\"elementor-element elementor-element-5d08b14 elementor-widget elementor-widget-heading\" data-id=\"5d08b14\" data-element_type=\"widget\" data-widget_type=\"heading.default\">\n\t\t\t\t<div class=\"elementor-widget-container\">\n\t\t\t\t\t<h2 class=\"elementor-heading-title elementor-size-default\">Tem idade legal para consumir bebidas alco\u00f3licas?\n<\/h2>\t\t\t\t<\/div>\n\t\t\t\t<\/div>\n\t\t\t\t<div class=\"elementor-element elementor-element-dc31a22 elementor-widget elementor-widget-heading\" data-id=\"dc31a22\" data-element_type=\"widget\" data-widget_type=\"heading.default\">\n\t\t\t\t<div class=\"elementor-widget-container\">\n\t\t\t\t\t<h2 class=\"elementor-heading-title elementor-size-default\">Are you over 18?\n\n<\/h2>\t\t\t\t<\/div>\n\t\t\t\t<\/div>\n\t\t<div class=\"elementor-element elementor-element-3715184 e-con-full e-flex e-con e-child\" data-id=\"3715184\" data-element_type=\"container\">\n\t\t<div class=\"elementor-element elementor-element-a8be2c0 e-con-full e-flex e-con e-child\" data-id=\"a8be2c0\" data-element_type=\"container\">\n\t\t\t\t<div class=\"elementor-element elementor-element-77ee548 elementor-align-justify elementor-widget__width-initial elementor-widget elementor-widget-button\" data-id=\"77ee548\" data-element_type=\"widget\" data-widget_type=\"button.default\">\n\t\t\t\t<div class=\"elementor-widget-container\">\n\t\t\t\t\t\t\t\t\t<div class=\"elementor-button-wrapper\">\n\t\t\t\t\t<a class=\"elementor-button elementor-button-link elementor-size-sm\" href=\"https:\/\/casadafontepequena.pt\/en\/homepage\/\">\n\t\t\t\t\t\t<span class=\"elementor-button-content-wrapper\">\n\t\t\t\t\t\t\t\t\t<span class=\"elementor-button-text\">Sim I Yes<\/span>\n\t\t\t\t\t<\/span>\n\t\t\t\t\t<\/a>\n\t\t\t\t<\/div>\n\t\t\t\t\t\t\t\t<\/div>\n\t\t\t\t<\/div>\n\t\t\t\t<\/div>\n\t\t<div class=\"elementor-element elementor-element-320c488 e-con-full e-flex e-con e-child\" data-id=\"320c488\" data-element_type=\"container\">\n\t\t\t\t<div class=\"elementor-element elementor-element-50e078d elementor-align-justify elementor-widget__width-initial elementor-widget elementor-widget-button\" data-id=\"50e078d\" data-element_type=\"widget\" data-widget_type=\"button.default\">\n\t\t\t\t<div class=\"elementor-widget-container\">\n\t\t\t\t\t\t\t\t\t<div class=\"elementor-button-wrapper\">\n\t\t\t\t\t<a class=\"elementor-button elementor-button-link elementor-size-sm\" href=\"#elementor-action%3Aaction%3Dpopup%3Aopen%26settings%3DeyJpZCI6IjgxMiIsInRvZ2dsZSI6ZmFsc2V9\">\n\t\t\t\t\t\t<span class=\"elementor-button-content-wrapper\">\n\t\t\t\t\t\t\t\t\t<span class=\"elementor-button-text\">N\u00e3o I No <\/span>\n\t\t\t\t\t<\/span>\n\t\t\t\t\t<\/a>\n\t\t\t\t<\/div>\n\t\t\t\t\t\t\t\t<\/div>\n\t\t\t\t<\/div>\n\t\t\t\t<\/div>\n\t\t\t\t<\/div>\n\t\t\t\t<\/div>\n\t\t\t\t<div class=\"elementor-element elementor-element-fa6bd9f elementor-widget elementor-widget-heading\" data-id=\"fa6bd9f\" data-element_type=\"widget\" data-widget_type=\"heading.default\">\n\t\t\t\t<div class=\"elementor-widget-container\">\n\t\t\t\t\t<h2 class=\"elementor-heading-title elementor-size-default\">SEJA RESPONS\u00c1VEL. BEBA COM MODERA\u00c7\u00c3O.<br>\nBE RESPONSIBLE. DRINK IN MODERATION.<\/h2>\t\t\t\t<\/div>\n\t\t\t\t<\/div>\n\t\t\t\t<\/div>\n\t\t<div class=\"elementor-element elementor-element-81f4590 e-con-full e-flex e-con e-child\" data-id=\"81f4590\" data-element_type=\"container\" data-settings=\"{&quot;background_background&quot;:&quot;classic&quot;}\">\n\t\t\t\t<\/div>\n\t\t\t\t<\/div>\n\t\t\t\t<\/div>","protected":false},"excerpt":{"rendered":"<p>The Best Wine Experiences Pelo melhor do Vinho Tem idade legal para consumir bebidas alco\u00f3licas? Are you over 18? Sim I Yes N\u00e3o I No SEJA RESPONS\u00c1VEL. BEBA COM MODERA\u00c7\u00c3O. BE RESPONSIBLE. DRINK IN MODERATION.<\/p>","protected":false},"author":1,"featured_media":0,"parent":0,"menu_order":6,"comment_status":"closed","ping_status":"closed","template":"elementor_canvas","meta":{"_acf_changed":false,"footnotes":""},"class_list":["post-808","page","type-page","status-publish","hentry"],"acf":[],"_links":{"self":[{"href":"https:\/\/casadafontepequena.pt\/en\/wp-json\/wp\/v2\/pages\/808","targetHints":{"allow":["GET"]}}],"collection":[{"href":"https:\/\/casadafontepequena.pt\/en\/wp-json\/wp\/v2\/pages"}],"about":[{"href":"https:\/\/casadafontepequena.pt\/en\/wp-json\/wp\/v2\/types\/page"}],"author":[{"embeddable":true,"href":"https:\/\/casadafontepequena.pt\/en\/wp-json\/wp\/v2\/users\/1"}],"replies":[{"embeddable":true,"href":"https:\/\/casadafontepequena.pt\/en\/wp-json\/wp\/v2\/comments?post=808"}],"version-history":[{"count":0,"href":"https:\/\/casadafontepequena.pt\/en\/wp-json\/wp\/v2\/pages\/808\/revisions"}],"wp:attachment":[{"href":"https:\/\/casadafontepequena.pt\/en\/wp-json\/wp\/v2\/media?parent=808"}],"curies":[{"name":"wp","href":"https:\/\/api.w.org\/{rel}","templated":true}]}}