{"id":40,"date":"2024-11-28T17:29:28","date_gmt":"2024-11-28T17:29:28","guid":{"rendered":"https:\/\/casadafontepequena.pt\/?page_id=40"},"modified":"2025-06-05T14:35:59","modified_gmt":"2025-06-05T14:35:59","slug":"novidades","status":"publish","type":"page","link":"https:\/\/casadafontepequena.pt\/en\/novidades\/","title":{"rendered":"Latest news"},"content":{"rendered":"<div data-elementor-type=\"wp-page\" data-elementor-id=\"40\" class=\"elementor elementor-40\" data-elementor-post-type=\"page\">\n\t\t\t\t<div class=\"elementor-element elementor-element-fd0285e e-con-full e-flex e-con e-parent\" data-id=\"fd0285e\" data-element_type=\"container\">\n\t\t<div class=\"elementor-element elementor-element-204a499 e-con-full e-flex e-con e-child\" data-id=\"204a499\" data-element_type=\"container\" data-settings=\"{&quot;background_background&quot;:&quot;classic&quot;}\">\n\t\t<div class=\"elementor-element elementor-element-35ca360 e-con-full e-flex e-con e-child\" data-id=\"35ca360\" data-element_type=\"container\">\n\t\t\t\t<div class=\"elementor-element elementor-element-e2d6f9e elementor-widget elementor-widget-heading\" data-id=\"e2d6f9e\" data-element_type=\"widget\" data-widget_type=\"heading.default\">\n\t\t\t\t<div class=\"elementor-widget-container\">\n\t\t\t\t\t<h2 class=\"elementor-heading-title elementor-size-default\">Wines<\/h2>\t\t\t\t<\/div>\n\t\t\t\t<\/div>\n\t\t\t\t<div class=\"elementor-element elementor-element-4d25553 elementor-widget elementor-widget-heading\" data-id=\"4d25553\" data-element_type=\"widget\" data-widget_type=\"heading.default\">\n\t\t\t\t<div class=\"elementor-widget-container\">\n\t\t\t\t\t<h2 class=\"elementor-heading-title elementor-size-default\">Our<\/h2>\t\t\t\t<\/div>\n\t\t\t\t<\/div>\n\t\t\t\t<div class=\"elementor-element elementor-element-838ea05 elementor-widget elementor-widget-heading\" data-id=\"838ea05\" data-element_type=\"widget\" data-widget_type=\"heading.default\">\n\t\t\t\t<div class=\"elementor-widget-container\">\n\t\t\t\t\t<h2 class=\"elementor-heading-title elementor-size-default\">NEWS<\/h2>\t\t\t\t<\/div>\n\t\t\t\t<\/div>\n\t\t\t\t<\/div>\n\t\t<div class=\"elementor-element elementor-element-f4b06a7 e-con-full e-flex e-con e-child\" data-id=\"f4b06a7\" data-element_type=\"container\">\n\t\t\t\t<div class=\"elementor-element elementor-element-46807c6 elementor-align-justify elementor-widget__width-initial elementor-widget elementor-widget-button\" data-id=\"46807c6\" data-element_type=\"widget\" data-widget_type=\"button.default\">\n\t\t\t\t<div class=\"elementor-widget-container\">\n\t\t\t\t\t\t\t\t\t<div class=\"elementor-button-wrapper\">\n\t\t\t\t\t<a class=\"elementor-button elementor-button-link elementor-size-sm\" href=\"#\">\n\t\t\t\t\t\t<span class=\"elementor-button-content-wrapper\">\n\t\t\t\t\t\t\t\t\t<span class=\"elementor-button-text\">VIEW WINES<\/span>\n\t\t\t\t\t<\/span>\n\t\t\t\t\t<\/a>\n\t\t\t\t<\/div>\n\t\t\t\t\t\t\t\t<\/div>\n\t\t\t\t<\/div>\n\t\t\t\t<\/div>\n\t\t<div class=\"elementor-element elementor-element-e2f632a e-flex e-con-boxed e-con e-child\" data-id=\"e2f632a\" data-element_type=\"container\">\n\t\t\t\t\t<div class=\"e-con-inner\">\n\t\t\t\t<div class=\"elementor-element elementor-element-efdcda9 elementor-absolute elementor-hidden-tablet elementor-hidden-mobile elementor-widget elementor-widget-image\" data-id=\"efdcda9\" data-element_type=\"widget\" data-settings=\"{&quot;_position&quot;:&quot;absolute&quot;}\" data-widget_type=\"image.default\">\n\t\t\t\t<div class=\"elementor-widget-container\">\n\t\t\t\t\t\t\t\t\t\t\t\t\t\t\t<img fetchpriority=\"high\" decoding=\"async\" width=\"800\" height=\"800\" src=\"https:\/\/casadafontepequena.pt\/wp-content\/uploads\/2025\/06\/Sem-Titulo-1.png\" class=\"attachment-large size-large wp-image-1618\" alt=\"\" srcset=\"https:\/\/casadafontepequena.pt\/wp-content\/uploads\/2025\/06\/Sem-Titulo-1.png 996w, https:\/\/casadafontepequena.pt\/wp-content\/uploads\/2025\/06\/Sem-Titulo-1-300x300.png 300w, https:\/\/casadafontepequena.pt\/wp-content\/uploads\/2025\/06\/Sem-Titulo-1-150x150.png 150w, https:\/\/casadafontepequena.pt\/wp-content\/uploads\/2025\/06\/Sem-Titulo-1-768x768.png 768w\" sizes=\"(max-width: 800px) 100vw, 800px\" \/>\t\t\t\t\t\t\t\t\t\t\t\t\t\t\t<\/div>\n\t\t\t\t<\/div>\n\t\t\t\t\t<\/div>\n\t\t\t\t<\/div>\n\t\t\t\t<\/div>\n\t\t\t\t<\/div>\n\t\t<div class=\"elementor-element elementor-element-ed08562 e-con-full e-flex e-con e-parent\" data-id=\"ed08562\" data-element_type=\"container\">\n\t\t\t\t<\/div>\n\t\t<div class=\"elementor-element elementor-element-2cd49a9d e-flex e-con-boxed e-con e-parent\" data-id=\"2cd49a9d\" data-element_type=\"container\">\n\t\t\t\t\t<div class=\"e-con-inner\">\n\t\t\t\t<div class=\"elementor-element elementor-element-35c11adb elementor-grid-3 elementor-grid-tablet-2 elementor-grid-mobile-1 elementor-posts--thumbnail-top elementor-posts__hover-gradient elementor-widget elementor-widget-posts\" data-id=\"35c11adb\" data-element_type=\"widget\" data-settings=\"{&quot;cards_row_gap&quot;:{&quot;unit&quot;:&quot;px&quot;,&quot;size&quot;:80,&quot;sizes&quot;:[]},&quot;cards_row_gap_tablet&quot;:{&quot;unit&quot;:&quot;px&quot;,&quot;size&quot;:71,&quot;sizes&quot;:[]},&quot;cards_row_gap_mobile&quot;:{&quot;unit&quot;:&quot;px&quot;,&quot;size&quot;:35,&quot;sizes&quot;:[]},&quot;cards_columns&quot;:&quot;3&quot;,&quot;cards_columns_tablet&quot;:&quot;2&quot;,&quot;cards_columns_mobile&quot;:&quot;1&quot;}\" data-widget_type=\"posts.cards\">\n\t\t\t\t<div class=\"elementor-widget-container\">\n\t\t\t\t\t\t\t<div class=\"elementor-posts-container elementor-posts elementor-posts--skin-cards elementor-grid\" role=\"list\">\n\t\t\t\t<article class=\"elementor-post elementor-grid-item post-877 post type-post status-publish format-standard has-post-thumbnail hentry category-sem-categoria\" role=\"listitem\">\n\t\t\t<div class=\"elementor-post__card\">\n\t\t\t\t<a class=\"elementor-post__thumbnail__link\" href=\"https:\/\/casadafontepequena.pt\/en\/instalacao-de-15-paineis-fotovoltaicos\/\" tabindex=\"-1\" ><div class=\"elementor-post__thumbnail\"><img decoding=\"async\" width=\"1081\" height=\"1081\" src=\"https:\/\/casadafontepequena.pt\/wp-content\/uploads\/2024\/12\/Post-4.jpg\" class=\"attachment-1536x1536 size-1536x1536 wp-image-878\" alt=\"\" srcset=\"https:\/\/casadafontepequena.pt\/wp-content\/uploads\/2024\/12\/Post-4.jpg 1081w, https:\/\/casadafontepequena.pt\/wp-content\/uploads\/2024\/12\/Post-4-300x300.jpg 300w, https:\/\/casadafontepequena.pt\/wp-content\/uploads\/2024\/12\/Post-4-1024x1024.jpg 1024w, https:\/\/casadafontepequena.pt\/wp-content\/uploads\/2024\/12\/Post-4-150x150.jpg 150w, https:\/\/casadafontepequena.pt\/wp-content\/uploads\/2024\/12\/Post-4-768x768.jpg 768w\" sizes=\"(max-width: 1081px) 100vw, 1081px\" \/><\/div><\/a>\n\t\t\t\t<div class=\"elementor-post__text\">\n\t\t\t\t<h4 class=\"elementor-post__title\">\n\t\t\t<a href=\"https:\/\/casadafontepequena.pt\/en\/instalacao-de-15-paineis-fotovoltaicos\/\" >\n\t\t\t\tThe installation of a 15-solar panels\t\t\t<\/a>\n\t\t<\/h4>\n\t\t\t\t<div class=\"elementor-post__excerpt\">\n\t\t\t<p>In Casa da Fonte Pequena we've taken another important step on the road to sustainability and with<\/p>\n\t\t<\/div>\n\t\t\t\t\t<div class=\"elementor-post__read-more-wrapper\">\n\t\t\n\t\t<a class=\"elementor-post__read-more\" href=\"https:\/\/casadafontepequena.pt\/en\/instalacao-de-15-paineis-fotovoltaicos\/\" aria-label=\"Read more about Instala\u00e7\u00e3o de 15 pain\u00e9is fotovoltaicos\" tabindex=\"-1\" >\n\t\t\tLearn More\t\t<\/a>\n\n\t\t\t\t\t<\/div>\n\t\t\t\t<\/div>\n\t\t\t\t\t<\/div>\n\t\t<\/article>\n\t\t\t\t<article class=\"elementor-post elementor-grid-item post-867 post type-post status-publish format-standard has-post-thumbnail hentry category-sem-categoria\" role=\"listitem\">\n\t\t\t<div class=\"elementor-post__card\">\n\t\t\t\t<a class=\"elementor-post__thumbnail__link\" href=\"https:\/\/casadafontepequena.pt\/en\/vindimas-2024-na-casa-da-fonte-pequena\/\" tabindex=\"-1\" ><div class=\"elementor-post__thumbnail\"><img decoding=\"async\" width=\"1081\" height=\"1081\" src=\"https:\/\/casadafontepequena.pt\/wp-content\/uploads\/2024\/12\/Post-3.jpg\" class=\"attachment-1536x1536 size-1536x1536 wp-image-868\" alt=\"\" srcset=\"https:\/\/casadafontepequena.pt\/wp-content\/uploads\/2024\/12\/Post-3.jpg 1081w, https:\/\/casadafontepequena.pt\/wp-content\/uploads\/2024\/12\/Post-3-300x300.jpg 300w, https:\/\/casadafontepequena.pt\/wp-content\/uploads\/2024\/12\/Post-3-1024x1024.jpg 1024w, https:\/\/casadafontepequena.pt\/wp-content\/uploads\/2024\/12\/Post-3-150x150.jpg 150w, https:\/\/casadafontepequena.pt\/wp-content\/uploads\/2024\/12\/Post-3-768x768.jpg 768w\" sizes=\"(max-width: 1081px) 100vw, 1081px\" \/><\/div><\/a>\n\t\t\t\t<div class=\"elementor-post__text\">\n\t\t\t\t<h4 class=\"elementor-post__title\">\n\t\t\t<a href=\"https:\/\/casadafontepequena.pt\/en\/vindimas-2024-na-casa-da-fonte-pequena\/\" >\n\t\t\t\tVintage 2024 at Casa da Fonte Pequena\t\t\t<\/a>\n\t\t<\/h4>\n\t\t\t\t<div class=\"elementor-post__excerpt\">\n\t\t\t<p>\ud83c\udf47 Grape harvest 2024 at Casa da Fonte Pequena \ud83c\udf77 Over a year, and more<\/p>\n\t\t<\/div>\n\t\t\t\t\t<div class=\"elementor-post__read-more-wrapper\">\n\t\t\n\t\t<a class=\"elementor-post__read-more\" href=\"https:\/\/casadafontepequena.pt\/en\/vindimas-2024-na-casa-da-fonte-pequena\/\" aria-label=\"Read more about Vindimas 2024 na Casa da Fonte Pequena\" tabindex=\"-1\" >\n\t\t\tLearn More\t\t<\/a>\n\n\t\t\t\t\t<\/div>\n\t\t\t\t<\/div>\n\t\t\t\t\t<\/div>\n\t\t<\/article>\n\t\t\t\t<article class=\"elementor-post elementor-grid-item post-864 post type-post status-publish format-standard has-post-thumbnail hentry category-sem-categoria\" role=\"listitem\">\n\t\t\t<div class=\"elementor-post__card\">\n\t\t\t\t<a class=\"elementor-post__thumbnail__link\" href=\"https:\/\/casadafontepequena.pt\/en\/outublue\/\" tabindex=\"-1\" ><div class=\"elementor-post__thumbnail\"><img loading=\"lazy\" decoding=\"async\" width=\"1080\" height=\"1080\" src=\"https:\/\/casadafontepequena.pt\/wp-content\/uploads\/2024\/12\/Post-2.jpg\" class=\"attachment-1536x1536 size-1536x1536 wp-image-865\" alt=\"\" srcset=\"https:\/\/casadafontepequena.pt\/wp-content\/uploads\/2024\/12\/Post-2.jpg 1080w, https:\/\/casadafontepequena.pt\/wp-content\/uploads\/2024\/12\/Post-2-300x300.jpg 300w, https:\/\/casadafontepequena.pt\/wp-content\/uploads\/2024\/12\/Post-2-1024x1024.jpg 1024w, https:\/\/casadafontepequena.pt\/wp-content\/uploads\/2024\/12\/Post-2-150x150.jpg 150w, https:\/\/casadafontepequena.pt\/wp-content\/uploads\/2024\/12\/Post-2-768x768.jpg 768w\" sizes=\"(max-width: 1080px) 100vw, 1080px\" \/><\/div><\/a>\n\t\t\t\t<div class=\"elementor-post__text\">\n\t\t\t\t<h4 class=\"elementor-post__title\">\n\t\t\t<a href=\"https:\/\/casadafontepequena.pt\/en\/outublue\/\" >\n\t\t\t\tOutuBlue\t\t\t<\/a>\n\t\t<\/h4>\n\t\t\t\t<div class=\"elementor-post__excerpt\">\n\t\t\t<p>\ud83d\udd35 OutuBlue: to Celebrate the Fall season with a drink that makes all the difference! \ud83c\udf42 \ud83e\udd42<\/p>\n\t\t<\/div>\n\t\t\t\t\t<div class=\"elementor-post__read-more-wrapper\">\n\t\t\n\t\t<a class=\"elementor-post__read-more\" href=\"https:\/\/casadafontepequena.pt\/en\/outublue\/\" aria-label=\"Read more about OutuBlue\" tabindex=\"-1\" >\n\t\t\tLearn More\t\t<\/a>\n\n\t\t\t\t\t<\/div>\n\t\t\t\t<\/div>\n\t\t\t\t\t<\/div>\n\t\t<\/article>\n\t\t\t\t<article class=\"elementor-post elementor-grid-item post-854 post type-post status-publish format-standard has-post-thumbnail hentry category-sem-categoria\" role=\"listitem\">\n\t\t\t<div class=\"elementor-post__card\">\n\t\t\t\t<a class=\"elementor-post__thumbnail__link\" href=\"https:\/\/casadafontepequena.pt\/en\/dia-da-producao-nacional\/\" tabindex=\"-1\" ><div class=\"elementor-post__thumbnail\"><img loading=\"lazy\" decoding=\"async\" width=\"1536\" height=\"1536\" src=\"https:\/\/casadafontepequena.pt\/wp-content\/uploads\/2024\/12\/1-1536x1536.jpg\" class=\"attachment-1536x1536 size-1536x1536 wp-image-855\" alt=\"\" srcset=\"https:\/\/casadafontepequena.pt\/wp-content\/uploads\/2024\/12\/1-1536x1536.jpg 1536w, https:\/\/casadafontepequena.pt\/wp-content\/uploads\/2024\/12\/1-300x300.jpg 300w, https:\/\/casadafontepequena.pt\/wp-content\/uploads\/2024\/12\/1-1024x1024.jpg 1024w, https:\/\/casadafontepequena.pt\/wp-content\/uploads\/2024\/12\/1-150x150.jpg 150w, https:\/\/casadafontepequena.pt\/wp-content\/uploads\/2024\/12\/1-768x768.jpg 768w, https:\/\/casadafontepequena.pt\/wp-content\/uploads\/2024\/12\/1-2048x2048.jpg 2048w\" sizes=\"(max-width: 1536px) 100vw, 1536px\" \/><\/div><\/a>\n\t\t\t\t<div class=\"elementor-post__text\">\n\t\t\t\t<h4 class=\"elementor-post__title\">\n\t\t\t<a href=\"https:\/\/casadafontepequena.pt\/en\/dia-da-producao-nacional\/\" >\n\t\t\t\tThe day of the Domestic Production\t\t\t<\/a>\n\t\t<\/h4>\n\t\t\t\t<div class=\"elementor-post__excerpt\">\n\t\t\t<p>To celebrate the Day of the National Production, we not only highlight the key moments<\/p>\n\t\t<\/div>\n\t\t\t\t\t<div class=\"elementor-post__read-more-wrapper\">\n\t\t\n\t\t<a class=\"elementor-post__read-more\" href=\"https:\/\/casadafontepequena.pt\/en\/dia-da-producao-nacional\/\" aria-label=\"Read more about Dia da Produ\u00e7\u00e3o Nacional\" tabindex=\"-1\" >\n\t\t\tLearn More\t\t<\/a>\n\n\t\t\t\t\t<\/div>\n\t\t\t\t<\/div>\n\t\t\t\t\t<\/div>\n\t\t<\/article>\n\t\t\t\t<article class=\"elementor-post elementor-grid-item post-847 post type-post status-publish format-standard has-post-thumbnail hentry category-sem-categoria\" role=\"listitem\">\n\t\t\t<div class=\"elementor-post__card\">\n\t\t\t\t<a class=\"elementor-post__thumbnail__link\" href=\"https:\/\/casadafontepequena.pt\/en\/verao-vinho-verde-branco-doc-i-premio\/\" tabindex=\"-1\" ><div class=\"elementor-post__thumbnail\"><img loading=\"lazy\" decoding=\"async\" width=\"1080\" height=\"1080\" src=\"https:\/\/casadafontepequena.pt\/wp-content\/uploads\/2024\/12\/Post-1.jpg\" class=\"attachment-1536x1536 size-1536x1536 wp-image-848\" alt=\"\" srcset=\"https:\/\/casadafontepequena.pt\/wp-content\/uploads\/2024\/12\/Post-1.jpg 1080w, https:\/\/casadafontepequena.pt\/wp-content\/uploads\/2024\/12\/Post-1-300x300.jpg 300w, https:\/\/casadafontepequena.pt\/wp-content\/uploads\/2024\/12\/Post-1-1024x1024.jpg 1024w, https:\/\/casadafontepequena.pt\/wp-content\/uploads\/2024\/12\/Post-1-150x150.jpg 150w, https:\/\/casadafontepequena.pt\/wp-content\/uploads\/2024\/12\/Post-1-768x768.jpg 768w\" sizes=\"(max-width: 1080px) 100vw, 1080px\" \/><\/div><\/a>\n\t\t\t\t<div class=\"elementor-post__text\">\n\t\t\t\t<h4 class=\"elementor-post__title\">\n\t\t\t<a href=\"https:\/\/casadafontepequena.pt\/en\/verao-vinho-verde-branco-doc-i-premio\/\" >\n\t\t\t\tSummer White Vinho Verde DOC I Prize\t\t\t<\/a>\n\t\t<\/h4>\n\t\t\t\t<div class=\"elementor-post__excerpt\">\n\t\t\t<p>As in the previous year, and this year we got more of an international award, which is the fruit of the\t\t<\/div>\n\t\t\t\t\t<div class=\"elementor-post__read-more-wrapper\">\n\t\t\n\t\t<a class=\"elementor-post__read-more\" href=\"https:\/\/casadafontepequena.pt\/en\/verao-vinho-verde-branco-doc-i-premio\/\" aria-label=\"Read more about Ver\u00e3o Vinho Verde Branco DOC I Pr\u00e9mio\" tabindex=\"-1\" >\n\t\t\tLearn More\t\t<\/a>\n\n\t\t\t\t\t<\/div>\n\t\t\t\t<\/div>\n\t\t\t\t\t<\/div>\n\t\t<\/article>\n\t\t\t\t<article class=\"elementor-post elementor-grid-item post-566 post type-post status-publish format-standard has-post-thumbnail hentry category-sem-categoria\" role=\"listitem\">\n\t\t\t<div class=\"elementor-post__card\">\n\t\t\t\t<a class=\"elementor-post__thumbnail__link\" href=\"https:\/\/casadafontepequena.pt\/en\/novo-lancamento-lavradeira\/\" tabindex=\"-1\" ><div class=\"elementor-post__thumbnail\"><img loading=\"lazy\" decoding=\"async\" width=\"1080\" height=\"1080\" src=\"https:\/\/casadafontepequena.pt\/wp-content\/uploads\/2024\/12\/POST.jpg\" class=\"attachment-1536x1536 size-1536x1536 wp-image-832\" alt=\"\" srcset=\"https:\/\/casadafontepequena.pt\/wp-content\/uploads\/2024\/12\/POST.jpg 1080w, https:\/\/casadafontepequena.pt\/wp-content\/uploads\/2024\/12\/POST-300x300.jpg 300w, https:\/\/casadafontepequena.pt\/wp-content\/uploads\/2024\/12\/POST-1024x1024.jpg 1024w, https:\/\/casadafontepequena.pt\/wp-content\/uploads\/2024\/12\/POST-150x150.jpg 150w, https:\/\/casadafontepequena.pt\/wp-content\/uploads\/2024\/12\/POST-768x768.jpg 768w\" sizes=\"(max-width: 1080px) 100vw, 1080px\" \/><\/div><\/a>\n\t\t\t\t<div class=\"elementor-post__text\">\n\t\t\t\t<h4 class=\"elementor-post__title\">\n\t\t\t<a href=\"https:\/\/casadafontepequena.pt\/en\/novo-lancamento-lavradeira\/\" >\n\t\t\t\tThe New Release - Lavradeira\t\t\t<\/a>\n\t\t<\/h4>\n\t\t\t\t<div class=\"elementor-post__excerpt\">\n\t\t\t<p>The Casa da Fonte Pequena, is pleased to announce the new release of the\t\t<\/div>\n\t\t\t\t\t<div class=\"elementor-post__read-more-wrapper\">\n\t\t\n\t\t<a class=\"elementor-post__read-more\" href=\"https:\/\/casadafontepequena.pt\/en\/novo-lancamento-lavradeira\/\" aria-label=\"Read more about Novo Lan\u00e7amento I Lavradeira\" tabindex=\"-1\" >\n\t\t\tLearn More\t\t<\/a>\n\n\t\t\t\t\t<\/div>\n\t\t\t\t<\/div>\n\t\t\t\t\t<\/div>\n\t\t<\/article>\n\t\t\t\t<\/div>\n\t\t\n\t\t\t\t\t\t<\/div>\n\t\t\t\t<\/div>\n\t\t\t\t\t<\/div>\n\t\t\t\t<\/div>\n\t\t\t\t<\/div>","protected":false},"excerpt":{"rendered":"<p>Vinhos As nossas NOVIDADES VER VINHOS<\/p>","protected":false},"author":1,"featured_media":0,"parent":0,"menu_order":7,"comment_status":"closed","ping_status":"closed","template":"","meta":{"_acf_changed":false,"footnotes":""},"class_list":["post-40","page","type-page","status-publish","hentry"],"acf":[],"_links":{"self":[{"href":"https:\/\/casadafontepequena.pt\/en\/wp-json\/wp\/v2\/pages\/40","targetHints":{"allow":["GET"]}}],"collection":[{"href":"https:\/\/casadafontepequena.pt\/en\/wp-json\/wp\/v2\/pages"}],"about":[{"href":"https:\/\/casadafontepequena.pt\/en\/wp-json\/wp\/v2\/types\/page"}],"author":[{"embeddable":true,"href":"https:\/\/casadafontepequena.pt\/en\/wp-json\/wp\/v2\/users\/1"}],"replies":[{"embeddable":true,"href":"https:\/\/casadafontepequena.pt\/en\/wp-json\/wp\/v2\/comments?post=40"}],"version-history":[{"count":0,"href":"https:\/\/casadafontepequena.pt\/en\/wp-json\/wp\/v2\/pages\/40\/revisions"}],"wp:attachment":[{"href":"https:\/\/casadafontepequena.pt\/en\/wp-json\/wp\/v2\/media?parent=40"}],"curies":[{"name":"wp","href":"https:\/\/api.w.org\/{rel}","templated":true}]}}