{"id":3,"date":"2024-11-28T15:22:14","date_gmt":"2024-11-28T15:22:14","guid":{"rendered":"https:\/\/casadafontepequena.pt\/?page_id=3"},"modified":"2025-06-09T13:57:31","modified_gmt":"2025-06-09T13:57:31","slug":"politica-privacidade","status":"publish","type":"page","link":"https:\/\/casadafontepequena.pt\/en\/politica-privacidade\/","title":{"rendered":"Privacy policy"},"content":{"rendered":"<div data-elementor-type=\"wp-page\" data-elementor-id=\"3\" class=\"elementor elementor-3\" data-elementor-post-type=\"page\">\n\t\t\t\t<div class=\"elementor-element elementor-element-c8842ba e-flex e-con-boxed e-con e-parent\" data-id=\"c8842ba\" data-element_type=\"container\">\n\t\t\t\t\t<div class=\"e-con-inner\">\n\t\t\t\t<div class=\"elementor-element elementor-element-64694eb elementor-widget elementor-widget-text-editor\" data-id=\"64694eb\" data-element_type=\"widget\" data-widget_type=\"text-editor.default\">\n\t\t\t\t<div class=\"elementor-widget-container\">\n\t\t\t\t\t\t\t\t\t\n<h2 class=\"wp-block-heading\">Who we are<\/h2>\n\n<p>O endere\u00e7o do nosso site \u00e9: www.casadafontepequena.pt<\/p>\n\n<h2 class=\"wp-block-heading\">Comments<\/h2>\n\n<p>When visitors leave comments on the site are stored in the database in the form of comments, you as well as your IP address and user agent of the browser to help spam detection.<\/p>\n\n<p>Uma string an\u00f3nima criada a partir do seu endere\u00e7o de email (tamb\u00e9m designada por hash) pode ser enviada para o servi\u00e7o Gravatar para verificar se o est\u00e1 a utilizar. A pol\u00edtica de privacidade do servi\u00e7o Gravatar est\u00e1 dispon\u00edvel aqui: https:\/\/automattic.com\/privacy\/. Depois do seu coment\u00e1rio ser aprovado, a fotografia do ser perfil fica vis\u00edvel para o p\u00fablico no contexto do seu coment\u00e1rio.<\/p>\n\n<h2 class=\"wp-block-heading\">Media<\/h2>\n\n<p>When you upload images to the website, you should avoid uploading images with embedded data from the location (EXIF GPS). The visitors can download and extract all the data from the geo-location of the images on the site.<\/p>\n\n<h2 class=\"wp-block-heading\">Cookies<\/h2>\n\n<p>If you leave a comment on our site you can choose to save your name, email address and website in cookies. This is for your convenience, so you do not have to fill in your data again when you leave another comment. These cookies will last for one year.<\/p>\n\n<p>If you go to the page of the start of the session, you will set a temporary cookie to determine if your browser accepts cookies. This cookie contains no personal data and is discarded when you close your browser.<\/p>\n\n<p>At the start of the session, you will be set a few cookies to save your session, and your choice of a viewing screen. Cookies for the start of the session will last for a year. If you select \u201cRemember me\u201d, your session will persist for two weeks. At the end of the session, the cookies on the beginning of the session, you will be removed.<\/p>\n\n<p>If you edit or publish an article, and you will be stored in your browser, a cookie is added. This cookie includes no personal data only indicates the ID of the article you just got to edit it. It expires after 1 day.<\/p>\n\n<h2 class=\"wp-block-heading\">Embedded content from other websites<\/h2>\n\n<p>Articles on this site may include embedded content (for example videos, images, articles, etc.). Embedded content from other websites behaves as if the user visits those web sites.<\/p>\n\n<p>This site may collect data about you, use cookies, embed, tracing, made by any third party to monitor their interactions with you, including to record your interaction with the embedded content if you have an account and are logged in to that website.<\/p>\n\n<h2 class=\"wp-block-heading\">With whom you are sharing your data<\/h2>\n\n<p>If you request a password reset for your IP-address will be included in the e-mail for the reset.<\/p>\n\n<h2 class=\"wp-block-heading\">For as long as they are held in their data<\/h2>\n\n<p>If you could leave a comment, the comment and its metadata are kept indefinitely. This is in order to be able to recognize and auto-approve comments, if any of the following, at the time of putting them in a moderation queue.<\/p>\n\n<p>For users that register on our website (if any), we store the personal information that you provide in your user profile. All users can see, edit, or delete their personal information at any time (except they cannot change the name of the user). Site administrators can also see and edit that information.<\/p>\n\n<h2 class=\"wp-block-heading\">What rights you have over your data<\/h2>\n\n<p>If you have an account on this site, or have left comments, you can request to receive an export file of the personal data held about you, including any other personal information that you have indicated. You may also request that the data stored will be erased. This doesn&#039;t include any personal data which is required to keep for administrative, legal, or safe.<\/p>\n\n<h2 class=\"wp-block-heading\">Where your data is sent<\/h2>\n\n<p>In the comments of the visitors can be checked by an automatic spam detection.<\/p>\n\n<p>\u00a0<\/p>\t\t\t\t\t\t\t\t<\/div>\n\t\t\t\t<\/div>\n\t\t\t\t\t<\/div>\n\t\t\t\t<\/div>\n\t\t\t\t<\/div>","protected":false},"excerpt":{"rendered":"<p>Quem somos O endere\u00e7o do nosso site \u00e9: www.casadafontepequena.pt Coment\u00e1rios Quando os visitantes deixam coment\u00e1rios no site, s\u00e3o guardados os dados presentes no formul\u00e1rio dos coment\u00e1rios, bem como o endere\u00e7o de IP e o agente do utilizador do navegador, para ajudar com a detec\u00e7\u00e3o de spam. Uma string an\u00f3nima criada a partir do seu endere\u00e7o [&hellip;]<\/p>","protected":false},"author":1,"featured_media":0,"parent":0,"menu_order":9,"comment_status":"closed","ping_status":"closed","template":"","meta":{"_acf_changed":false,"footnotes":""},"class_list":["post-3","page","type-page","status-publish","hentry"],"acf":[],"_links":{"self":[{"href":"https:\/\/casadafontepequena.pt\/en\/wp-json\/wp\/v2\/pages\/3","targetHints":{"allow":["GET"]}}],"collection":[{"href":"https:\/\/casadafontepequena.pt\/en\/wp-json\/wp\/v2\/pages"}],"about":[{"href":"https:\/\/casadafontepequena.pt\/en\/wp-json\/wp\/v2\/types\/page"}],"author":[{"embeddable":true,"href":"https:\/\/casadafontepequena.pt\/en\/wp-json\/wp\/v2\/users\/1"}],"replies":[{"embeddable":true,"href":"https:\/\/casadafontepequena.pt\/en\/wp-json\/wp\/v2\/comments?post=3"}],"version-history":[{"count":0,"href":"https:\/\/casadafontepequena.pt\/en\/wp-json\/wp\/v2\/pages\/3\/revisions"}],"wp:attachment":[{"href":"https:\/\/casadafontepequena.pt\/en\/wp-json\/wp\/v2\/media?parent=3"}],"curies":[{"name":"wp","href":"https:\/\/api.w.org\/{rel}","templated":true}]}}