{"id":1123,"date":"2024-12-18T08:09:16","date_gmt":"2024-12-18T08:09:16","guid":{"rendered":"https:\/\/casadafontepequena.pt\/?page_id=1123"},"modified":"2026-02-11T10:11:43","modified_gmt":"2026-02-11T10:11:43","slug":"politica-de-qualidade","status":"publish","type":"page","link":"https:\/\/casadafontepequena.pt\/en\/politica-de-qualidade\/","title":{"rendered":"Quality policy"},"content":{"rendered":"<div data-elementor-type=\"wp-page\" data-elementor-id=\"1123\" class=\"elementor elementor-1123\" data-elementor-post-type=\"page\">\n\t\t\t\t<div class=\"elementor-element elementor-element-278cd4b e-flex e-con-boxed e-con e-parent\" data-id=\"278cd4b\" data-element_type=\"container\" data-settings=\"{&quot;background_background&quot;:&quot;classic&quot;}\">\n\t\t\t\t\t<div class=\"e-con-inner\">\n\t\t\t\t<div class=\"elementor-element elementor-element-ec007f2 elementor-widget elementor-widget-heading\" data-id=\"ec007f2\" data-element_type=\"widget\" data-widget_type=\"heading.default\">\n\t\t\t\t<div class=\"elementor-widget-container\">\n\t\t\t\t\t<h2 class=\"elementor-heading-title elementor-size-default\">Quality policy <\/h2>\t\t\t\t<\/div>\n\t\t\t\t<\/div>\n\t\t\t\t\t<\/div>\n\t\t\t\t<\/div>\n\t\t<div class=\"elementor-element elementor-element-c3fd353 e-flex e-con-boxed e-con e-parent\" data-id=\"c3fd353\" data-element_type=\"container\">\n\t\t\t\t\t<div class=\"e-con-inner\">\n\t\t\t\t<div class=\"elementor-element elementor-element-4c57602 elementor-widget elementor-widget-text-editor\" data-id=\"4c57602\" data-element_type=\"widget\" data-widget_type=\"text-editor.default\">\n\t\t\t\t<div class=\"elementor-widget-container\">\n\t\t\t\t\t\t\t\t\t<p class=\"font_8 wixui-rich-text__text\"><span class=\"wixui-rich-text__text\">The House is in the Small s. a. is a project of the young and dynamic that is committed over the years, with the continuous improvement in all areas. In the Face of the demands of the market more and more competitive, since the beginning of this project that we are committed to continuous improvement and innovation, in order to be able to satisfy the requirements of our customers.<\/span><\/p>\t\t\t\t\t\t\t\t<\/div>\n\t\t\t\t<\/div>\n\t\t\t\t\t<\/div>\n\t\t\t\t<\/div>\n\t\t<div class=\"elementor-element elementor-element-38baf0e e-flex e-con-boxed e-con e-parent\" data-id=\"38baf0e\" data-element_type=\"container\">\n\t\t\t\t\t<div class=\"e-con-inner\">\n\t\t\t\t<div class=\"elementor-element elementor-element-11d62a0 elementor-widget elementor-widget-image\" data-id=\"11d62a0\" data-element_type=\"widget\" data-widget_type=\"image.default\">\n\t\t\t\t<div class=\"elementor-widget-container\">\n\t\t\t\t\t\t\t\t\t\t\t\t\t\t\t<img fetchpriority=\"high\" decoding=\"async\" width=\"800\" height=\"540\" src=\"https:\/\/casadafontepequena.pt\/wp-content\/uploads\/2024\/12\/Fotos.avif\" class=\"attachment-large size-large wp-image-1132\" alt=\"\" srcset=\"https:\/\/casadafontepequena.pt\/wp-content\/uploads\/2024\/12\/Fotos.avif 879w, https:\/\/casadafontepequena.pt\/wp-content\/uploads\/2024\/12\/Fotos-300x202.avif 300w, https:\/\/casadafontepequena.pt\/wp-content\/uploads\/2024\/12\/Fotos-768x518.avif 768w\" sizes=\"(max-width: 800px) 100vw, 800px\" \/>\t\t\t\t\t\t\t\t\t\t\t\t\t\t\t<\/div>\n\t\t\t\t<\/div>\n\t\t\t\t\t<\/div>\n\t\t\t\t<\/div>\n\t\t<div class=\"elementor-element elementor-element-c145ff1 e-flex e-con-boxed e-con e-parent\" data-id=\"c145ff1\" data-element_type=\"container\">\n\t\t\t\t\t<div class=\"e-con-inner\">\n\t\t\t\t<div class=\"elementor-element elementor-element-768089d elementor-widget elementor-widget-text-editor\" data-id=\"768089d\" data-element_type=\"widget\" data-widget_type=\"text-editor.default\">\n\t\t\t\t<div class=\"elementor-widget-container\">\n\t\t\t\t\t\t\t\t\t<p>In this way, the company has a certification, taking on a commitment to Quality and Food Safety to all stakeholders, including clients, customers, and suppliers.<\/p>\n<p>Being in the safety and quality of our products is our main focus, as it was developed in-house department is responsible for ensuring that you comply with all legislative requirements throughout all stages of production, and the various aspects of the organization.<\/p>\n<p>No \u00e2mbito deste Sistema de Gest\u00e3o de Qualidade e Seguran\u00e7a Alimentar, a&nbsp;Casa da Fonte Pequena S.A. define a sua&nbsp;Pol\u00edtica, tendo em considera\u00e7\u00e3o o seu papel na cadeia alimentar, baseada nos seguintes pilares:<\/p>\n<p>&nbsp;Focusing on a customer, your satisfaction with our services and the trust in our products.<\/p>\n<p>- Diversification of the range of marketed products, ensuring the production of top-quality wines with high economic value, as well as the availability of everyday wines with higher turnover, without neglecting their quality or safety;<\/p>\n<p><span data-olk-copy-source=\"MessageBody\">- Commitment to developing a positive Food Safety culture, recognizing its impact across all areas of the company;<\/span><\/p>\n<p>- Involvement of the people, by ensuring the proper qualification of our employees.<\/p>\n<p>\u2013 A commitment to identify, assess and control risks to Food Security, which are reasonably expected to occur;<\/p>\n<p>\u2013 Maintain relationships with all our suppliers, and distributors;<\/p>\n<p>- Ensure compliance with the regulatory and statutory requirements applicable to our business area, as well as the requirements of interested parties and customers;<\/p>\n<p>\u2013 Ensure that the internal and external communication;<\/p>\n<p>&#8211;&nbsp;<!--StartFragment--><span data-olk-copy-source=\"MessageBody\">Promover a melhoria cont\u00ednua da organiza\u00e7\u00e3o, assumindo pr\u00e1ticas de sustentabilidade<\/span>;<\/p>\n<p>In this sense, we are in the implementation of our Quality Management System and Food Security, with the aim of complying with the requirements of the standard&nbsp;<strong>EN-ISO 22000<\/strong>&nbsp;and to the continuous improvement of all processes in the organization.<\/p>\n<p>To&nbsp;<strong>A house in the Small s. a.<\/strong>&nbsp;promove a divulga\u00e7\u00e3o interna e externa da sua Pol\u00edtica, com o intuito de sensibilizar todos os colaboradores&nbsp;para a responsabilidade e impacto das suas atividades na qualidade e seguran\u00e7a alimentar dos seus produtos.&nbsp;<\/p>\t\t\t\t\t\t\t\t<\/div>\n\t\t\t\t<\/div>\n\t\t\t\t<div class=\"elementor-element elementor-element-93a05fb elementor-widget elementor-widget-image\" data-id=\"93a05fb\" data-element_type=\"widget\" data-widget_type=\"image.default\">\n\t\t\t\t<div class=\"elementor-widget-container\">\n\t\t\t\t\t\t\t\t\t\t\t\t\t\t\t<img decoding=\"async\" width=\"800\" height=\"394\" src=\"https:\/\/casadafontepequena.pt\/wp-content\/uploads\/2025\/04\/HACCP-ISO-22000-IQNET-1024x504-1.jpg\" class=\"attachment-large size-large wp-image-1298\" alt=\"\" srcset=\"https:\/\/casadafontepequena.pt\/wp-content\/uploads\/2025\/04\/HACCP-ISO-22000-IQNET-1024x504-1.jpg 1024w, https:\/\/casadafontepequena.pt\/wp-content\/uploads\/2025\/04\/HACCP-ISO-22000-IQNET-1024x504-1-300x148.jpg 300w, https:\/\/casadafontepequena.pt\/wp-content\/uploads\/2025\/04\/HACCP-ISO-22000-IQNET-1024x504-1-768x378.jpg 768w\" sizes=\"(max-width: 800px) 100vw, 800px\" \/>\t\t\t\t\t\t\t\t\t\t\t\t\t\t\t<\/div>\n\t\t\t\t<\/div>\n\t\t<div class=\"elementor-element elementor-element-d81b493 e-con-full e-flex e-con e-child\" data-id=\"d81b493\" data-element_type=\"container\">\n\t\t\t\t<div class=\"elementor-element elementor-element-f10cd58 elementor-widget elementor-widget-text-editor\" data-id=\"f10cd58\" data-element_type=\"widget\" data-widget_type=\"text-editor.default\">\n\t\t\t\t<div class=\"elementor-widget-container\">\n\t\t\t\t\t\t\t\t\t<p class=\"font_8 wixui-rich-text__text\">We are certified to the ISO 22000 System of Management of Safety of Food, it is audited by the CERTIFICATION, with the objective of \u201cthe Development and stabilization of wine in bulk. The filling of the wine in the bottle, bottle, PET, Bag in the Box, and a Tetra-Pak. The marketing of the wines of muscat wine and Douro DOC, in the Center of a traffic Jam in Vila Pouca de Aguiar.<\/p>\t\t\t\t\t\t\t\t<\/div>\n\t\t\t\t<\/div>\n\t\t\t\t<\/div>\n\t\t\t\t\t<\/div>\n\t\t\t\t<\/div>\n\t\t\t\t<\/div>","protected":false},"excerpt":{"rendered":"<p>Pol\u00edtica de Qualidade A\u00a0Casa da Fonte Pequena S.A.\u00a0\u00e9 um projeto jovem e din\u00e2mico, que aposta ao longo dos anos na melhoria cont\u00ednua em todas as vertentes. Face \u00e0s exig\u00eancias do mercado cada vez mais competitivo, desde o in\u00edcio deste projeto que apostamos na melhoria cont\u00ednua e na inova\u00e7\u00e3o, de forma a conseguirmos satisfazer as exig\u00eancias [&hellip;]<\/p>","protected":false},"author":1,"featured_media":0,"parent":0,"menu_order":10,"comment_status":"closed","ping_status":"closed","template":"","meta":{"_acf_changed":false,"footnotes":""},"class_list":["post-1123","page","type-page","status-publish","hentry"],"acf":[],"_links":{"self":[{"href":"https:\/\/casadafontepequena.pt\/en\/wp-json\/wp\/v2\/pages\/1123","targetHints":{"allow":["GET"]}}],"collection":[{"href":"https:\/\/casadafontepequena.pt\/en\/wp-json\/wp\/v2\/pages"}],"about":[{"href":"https:\/\/casadafontepequena.pt\/en\/wp-json\/wp\/v2\/types\/page"}],"author":[{"embeddable":true,"href":"https:\/\/casadafontepequena.pt\/en\/wp-json\/wp\/v2\/users\/1"}],"replies":[{"embeddable":true,"href":"https:\/\/casadafontepequena.pt\/en\/wp-json\/wp\/v2\/comments?post=1123"}],"version-history":[{"count":0,"href":"https:\/\/casadafontepequena.pt\/en\/wp-json\/wp\/v2\/pages\/1123\/revisions"}],"wp:attachment":[{"href":"https:\/\/casadafontepequena.pt\/en\/wp-json\/wp\/v2\/media?parent=1123"}],"curies":[{"name":"wp","href":"https:\/\/api.w.org\/{rel}","templated":true}]}}