{"id":1019,"date":"2024-12-15T22:57:23","date_gmt":"2024-12-15T22:57:23","guid":{"rendered":"https:\/\/casadafontepequena.pt\/?page_id=1019"},"modified":"2025-06-09T10:52:35","modified_gmt":"2025-06-09T10:52:35","slug":"consumo-de-vinho","status":"publish","type":"page","link":"https:\/\/casadafontepequena.pt\/en\/consumo-de-vinho\/","title":{"rendered":"Wine Consumption"},"content":{"rendered":"<div data-elementor-type=\"wp-page\" data-elementor-id=\"1019\" class=\"elementor elementor-1019\" data-elementor-post-type=\"page\">\n\t\t\t\t<div class=\"elementor-element elementor-element-c41d9b8 e-flex e-con-boxed e-con e-parent\" data-id=\"c41d9b8\" data-element_type=\"container\" data-settings=\"{&quot;background_background&quot;:&quot;classic&quot;}\">\n\t\t\t\t\t<div class=\"e-con-inner\">\n\t\t\t\t<div class=\"elementor-element elementor-element-79a3fa7 elementor-widget elementor-widget-heading\" data-id=\"79a3fa7\" data-element_type=\"widget\" data-widget_type=\"heading.default\">\n\t\t\t\t<div class=\"elementor-widget-container\">\n\t\t\t\t\t<h2 class=\"elementor-heading-title elementor-size-default\">Wine Consumption\n\n<\/h2>\t\t\t\t<\/div>\n\t\t\t\t<\/div>\n\t\t\t\t\t<\/div>\n\t\t\t\t<\/div>\n\t\t<div class=\"elementor-element elementor-element-cfec0f9 e-flex e-con-boxed e-con e-parent\" data-id=\"cfec0f9\" data-element_type=\"container\">\n\t\t\t\t\t<div class=\"e-con-inner\">\n\t\t<div class=\"elementor-element elementor-element-3e39467 e-con-full e-flex e-con e-child\" data-id=\"3e39467\" data-element_type=\"container\" data-settings=\"{&quot;background_background&quot;:&quot;classic&quot;}\">\n\t\t\t\t<div class=\"elementor-element elementor-element-c0905d5 elementor-widget elementor-widget-image\" data-id=\"c0905d5\" data-element_type=\"widget\" data-widget_type=\"image.default\">\n\t\t\t\t<div class=\"elementor-widget-container\">\n\t\t\t\t\t\t\t\t\t\t\t\t\t\t\t<img decoding=\"async\" width=\"63\" height=\"63\" src=\"https:\/\/casadafontepequena.pt\/wp-content\/uploads\/2024\/12\/0b0218_69df22ecc00548328bdb4365b89f4263mv2.avif\" class=\"attachment-large size-large wp-image-1023\" alt=\"\" \/>\t\t\t\t\t\t\t\t\t\t\t\t\t\t\t<\/div>\n\t\t\t\t<\/div>\n\t\t\t\t<div class=\"elementor-element elementor-element-28afc17 elementor-widget elementor-widget-heading\" data-id=\"28afc17\" data-element_type=\"widget\" data-widget_type=\"heading.default\">\n\t\t\t\t<div class=\"elementor-widget-container\">\n\t\t\t\t\t<h2 class=\"elementor-heading-title elementor-size-default\">Glossary<\/h2>\t\t\t\t<\/div>\n\t\t\t\t<\/div>\n\t\t\t\t<div class=\"elementor-element elementor-element-efc2bf1 elementor-widget elementor-widget-button\" data-id=\"efc2bf1\" data-element_type=\"widget\" data-widget_type=\"button.default\">\n\t\t\t\t<div class=\"elementor-widget-container\">\n\t\t\t\t\t\t\t\t\t<div class=\"elementor-button-wrapper\">\n\t\t\t\t\t<a class=\"elementor-button elementor-button-link elementor-size-sm\" href=\"https:\/\/casadafontepequena.pt\/en\/glossario\/\">\n\t\t\t\t\t\t<span class=\"elementor-button-content-wrapper\">\n\t\t\t\t\t\t\t\t\t<span class=\"elementor-button-text\">Learn More<\/span>\n\t\t\t\t\t<\/span>\n\t\t\t\t\t<\/a>\n\t\t\t\t<\/div>\n\t\t\t\t\t\t\t\t<\/div>\n\t\t\t\t<\/div>\n\t\t\t\t<\/div>\n\t\t<div class=\"elementor-element elementor-element-60b8012 e-con-full e-flex e-con e-child\" data-id=\"60b8012\" data-element_type=\"container\" data-settings=\"{&quot;background_background&quot;:&quot;classic&quot;}\">\n\t\t\t\t<div class=\"elementor-element elementor-element-343db25 elementor-widget elementor-widget-image\" data-id=\"343db25\" data-element_type=\"widget\" data-widget_type=\"image.default\">\n\t\t\t\t<div class=\"elementor-widget-container\">\n\t\t\t\t\t\t\t\t\t\t\t\t\t\t\t<img decoding=\"async\" width=\"63\" height=\"63\" src=\"https:\/\/casadafontepequena.pt\/wp-content\/uploads\/2024\/12\/0b0218_694a698bdf2542a8b2e4d344c52d2addmv2.avif\" class=\"attachment-large size-large wp-image-1025\" alt=\"\" \/>\t\t\t\t\t\t\t\t\t\t\t\t\t\t\t<\/div>\n\t\t\t\t<\/div>\n\t\t\t\t<div class=\"elementor-element elementor-element-ce4a9f5 elementor-widget elementor-widget-heading\" data-id=\"ce4a9f5\" data-element_type=\"widget\" data-widget_type=\"heading.default\">\n\t\t\t\t<div class=\"elementor-widget-container\">\n\t\t\t\t\t<h2 class=\"elementor-heading-title elementor-size-default\">Grape Varieties <\/h2>\t\t\t\t<\/div>\n\t\t\t\t<\/div>\n\t\t\t\t<div class=\"elementor-element elementor-element-c54bf78 elementor-widget elementor-widget-button\" data-id=\"c54bf78\" data-element_type=\"widget\" data-widget_type=\"button.default\">\n\t\t\t\t<div class=\"elementor-widget-container\">\n\t\t\t\t\t\t\t\t\t<div class=\"elementor-button-wrapper\">\n\t\t\t\t\t<a class=\"elementor-button elementor-button-link elementor-size-sm\" href=\"https:\/\/casadafontepequena.pt\/en\/castas\/\">\n\t\t\t\t\t\t<span class=\"elementor-button-content-wrapper\">\n\t\t\t\t\t\t\t\t\t<span class=\"elementor-button-text\">Learn More<\/span>\n\t\t\t\t\t<\/span>\n\t\t\t\t\t<\/a>\n\t\t\t\t<\/div>\n\t\t\t\t\t\t\t\t<\/div>\n\t\t\t\t<\/div>\n\t\t\t\t<\/div>\n\t\t<div class=\"elementor-element elementor-element-fae4fb4 e-con-full e-flex e-con e-child\" data-id=\"fae4fb4\" data-element_type=\"container\" data-settings=\"{&quot;background_background&quot;:&quot;classic&quot;}\">\n\t\t\t\t<div class=\"elementor-element elementor-element-8b7a379 elementor-widget elementor-widget-image\" data-id=\"8b7a379\" data-element_type=\"widget\" data-widget_type=\"image.default\">\n\t\t\t\t<div class=\"elementor-widget-container\">\n\t\t\t\t\t\t\t\t\t\t\t\t\t\t\t<img decoding=\"async\" width=\"63\" height=\"63\" src=\"https:\/\/casadafontepequena.pt\/wp-content\/uploads\/2024\/12\/0b0218_3fe05cbee9ee43a58ea44881d83b102amv2.avif\" class=\"attachment-large size-large wp-image-1026\" alt=\"\" \/>\t\t\t\t\t\t\t\t\t\t\t\t\t\t\t<\/div>\n\t\t\t\t<\/div>\n\t\t\t\t<div class=\"elementor-element elementor-element-1ba91df elementor-widget elementor-widget-heading\" data-id=\"1ba91df\" data-element_type=\"widget\" data-widget_type=\"heading.default\">\n\t\t\t\t<div class=\"elementor-widget-container\">\n\t\t\t\t\t<h2 class=\"elementor-heading-title elementor-size-default\">Wine Regions\n\n<\/h2>\t\t\t\t<\/div>\n\t\t\t\t<\/div>\n\t\t\t\t<div class=\"elementor-element elementor-element-47d7f3e elementor-align-center elementor-widget elementor-widget-button\" data-id=\"47d7f3e\" data-element_type=\"widget\" data-widget_type=\"button.default\">\n\t\t\t\t<div class=\"elementor-widget-container\">\n\t\t\t\t\t\t\t\t\t<div class=\"elementor-button-wrapper\">\n\t\t\t\t\t<a class=\"elementor-button elementor-button-link elementor-size-sm\" href=\"https:\/\/casadafontepequena.pt\/en\/regioes-vinicolas\/\">\n\t\t\t\t\t\t<span class=\"elementor-button-content-wrapper\">\n\t\t\t\t\t\t\t\t\t<span class=\"elementor-button-text\">Learn More<\/span>\n\t\t\t\t\t<\/span>\n\t\t\t\t\t<\/a>\n\t\t\t\t<\/div>\n\t\t\t\t\t\t\t\t<\/div>\n\t\t\t\t<\/div>\n\t\t\t\t<\/div>\n\t\t\t\t\t<\/div>\n\t\t\t\t<\/div>\n\t\t<div class=\"elementor-element elementor-element-8984c9e e-flex e-con-boxed e-con e-parent\" data-id=\"8984c9e\" data-element_type=\"container\">\n\t\t\t\t\t<div class=\"e-con-inner\">\n\t\t\t\t<div class=\"elementor-element elementor-element-d8066c5 elementor-widget-mobile__width-initial elementor-widget elementor-widget-text-editor\" data-id=\"d8066c5\" data-element_type=\"widget\" data-widget_type=\"text-editor.default\">\n\t\t\t\t<div class=\"elementor-widget-container\">\n\t\t\t\t\t\t\t\t\t<p class=\"font_8 wixui-rich-text__text\"><span class=\"wixui-rich-text__text\">It can currently be stated that moderate wine consumption is not only a pleasure, but also a beneficial dietary habit that benefits our health, preventing coronary heart disease, cancer, and even diabetes.\u00a0<\/span><\/p><p class=\"font_8 wixui-rich-text__text\"><span class=\"wixui-rich-text__text\">Wine is a traditional element of our diet, also allowing us to discover the delights that gastronomy can offer.\u00a0<\/span><\/p><p class=\"font_8 wixui-rich-text__text\"><span class=\"wixui-rich-text__text\">Enjoying a good wine requires some basic knowledge for tasting, such as the criteria to follow when choosing the wine, its ideal temperature, the prior opening of the bottle, or the type of glass to use.\u00a0<\/span><\/p><p class=\"font_8 wixui-rich-text__text\"><span class=\"wixui-rich-text__text\">Choosing a Wine, \nIt's common knowledge that food needs its own wine to be complete. This is why the choice of wine is so important, ensuring neither the dish nor the wine is altered by its companion.<\/span><\/p><p class=\"font_8 wixui-rich-text__text\"><span class=\"wixui-rich-text__text\">So, if we are dealing with energetic dishes such as game or red meat, we should choose a full-bodied red.\u00a0<\/span><\/p><p class=\"font_8 wixui-rich-text__text\"><span class=\"wixui-rich-text__text\">Fish, seafood, and lighter dishes will be perfect when accompanied by a white wine.<\/span><\/p><p class=\"font_8 wixui-rich-text__text\"><span class=\"wixui-rich-text__text\">The ideal serving temperature for wine allows us to correctly perceive its aromas. If it's too cold, the aromatic molecules will evaporate, and if it's too warm, our palate and sense of smell will be dominated by alcoholic effluvia.\u00a0<\/span><\/p><p class=\"font_8 wixui-rich-text__text\"><span class=\"wixui-rich-text__text\">Therefore, red wine should be served between 15\u00b0 and 18\u00b0 C, white wine between 7\u00b0 and 10\u00b0 C, and ros\u00e9s between 10\u00b0 and 12\u00b0 C.<\/span><\/p><p class=\"font_8 wixui-rich-text__text\"><span class=\"wixui-rich-text__text\">Allowing air contact with wine before consumption helps to eliminate some acidity, bitterness, or astringency from certain tannins. Decanters can even be used, especially for older wines, as this process helps separate any sediment that has precipitated at the bottom of the bottle.\u00a0<\/span><\/p><p class=\"font_8 wixui-rich-text__text\"><span class=\"wixui-rich-text__text\">Choosing the right glass is crucial to appreciate all the wine's characteristics: color, aroma, and body. Balloon-shaped, rounded glasses with a tall stem and a narrower opening are best, as they allow wines to be swirled, helping them reveal their aromas.\u00a0<\/span><\/p><p class=\"font_8 wixui-rich-text__text\"><span class=\"wixui-rich-text__text\">Be curious, experiment, taste new wines.<\/span><\/p><p class=\"font_8 wixui-rich-text__text\"><span class=\"wixui-rich-text__text\">Drink responsibly and enjoy.<\/span><\/p>\t\t\t\t\t\t\t\t<\/div>\n\t\t\t\t<\/div>\n\t\t\t\t\t<\/div>\n\t\t\t\t<\/div>\n\t\t\t\t<\/div>","protected":false},"excerpt":{"rendered":"<p>Consumo de Vinho Gloss\u00e1rio Saber Mais Castas Saber Mais Regi\u00f5es Vin\u00edcolas Saber Mais Atualmente pode-se afirmar que o consumo moderado de vinho representa n\u00e3o s\u00f3 um prazer, como tamb\u00e9m um h\u00e1bito alimentar ben\u00e9fico para a nossa sa\u00fade, prevenindo doen\u00e7as do foro coron\u00e1rio, cancer\u00edgeno e at\u00e9 diabetes.\u00a0 O vinho \u00e9 um elemento tradicional da nossa dieta, [&hellip;]<\/p>","protected":false},"author":1,"featured_media":0,"parent":0,"menu_order":2,"comment_status":"closed","ping_status":"closed","template":"elementor_header_footer","meta":{"_acf_changed":false,"footnotes":""},"class_list":["post-1019","page","type-page","status-publish","hentry"],"acf":[],"_links":{"self":[{"href":"https:\/\/casadafontepequena.pt\/en\/wp-json\/wp\/v2\/pages\/1019","targetHints":{"allow":["GET"]}}],"collection":[{"href":"https:\/\/casadafontepequena.pt\/en\/wp-json\/wp\/v2\/pages"}],"about":[{"href":"https:\/\/casadafontepequena.pt\/en\/wp-json\/wp\/v2\/types\/page"}],"author":[{"embeddable":true,"href":"https:\/\/casadafontepequena.pt\/en\/wp-json\/wp\/v2\/users\/1"}],"replies":[{"embeddable":true,"href":"https:\/\/casadafontepequena.pt\/en\/wp-json\/wp\/v2\/comments?post=1019"}],"version-history":[{"count":0,"href":"https:\/\/casadafontepequena.pt\/en\/wp-json\/wp\/v2\/pages\/1019\/revisions"}],"wp:attachment":[{"href":"https:\/\/casadafontepequena.pt\/en\/wp-json\/wp\/v2\/media?parent=1019"}],"curies":[{"name":"wp","href":"https:\/\/api.w.org\/{rel}","templated":true}]}}